{"id":23247,"date":"2024-09-29T12:44:24","date_gmt":"2024-09-29T12:44:24","guid":{"rendered":"https:\/\/trattamentisalute.net\/?page_id=23247"},"modified":"2024-09-29T14:41:40","modified_gmt":"2024-09-29T14:41:40","slug":"thank-you-page-velform-hair-max-es","status":"publish","type":"page","link":"https:\/\/trattamentisalute.net\/?page_id=23247","title":{"rendered":"Thank you page Velform Hair Max ES"},"content":{"rendered":"\t\t<div data-elementor-type=\"wp-page\" data-elementor-id=\"23247\" class=\"elementor elementor-23247\" data-elementor-post-type=\"page\">\n\t\t\t\t<div class=\"elementor-element elementor-element-95ecb77 e-grid e-con-full e-con e-parent\" data-id=\"95ecb77\" data-element_type=\"container\">\n\t\t<div class=\"elementor-element elementor-element-dd14977 e-con-full e-flex e-con e-child\" data-id=\"dd14977\" data-element_type=\"container\" data-settings=\"{&quot;background_background&quot;:&quot;classic&quot;}\">\n\t\t\t\t<\/div>\n\t\t<div class=\"elementor-element elementor-element-b549644 e-con-full e-flex e-con e-child\" data-id=\"b549644\" data-element_type=\"container\" data-settings=\"{&quot;background_background&quot;:&quot;classic&quot;}\">\n\t\t<div class=\"elementor-element elementor-element-f26e8dc e-con-full e-flex e-con e-child\" data-id=\"f26e8dc\" data-element_type=\"container\" data-settings=\"{&quot;background_background&quot;:&quot;classic&quot;}\">\n\t\t<div class=\"elementor-element elementor-element-43de04a e-con-full e-flex e-con e-child\" data-id=\"43de04a\" data-element_type=\"container\" data-settings=\"{&quot;background_background&quot;:&quot;classic&quot;}\">\n\t\t\t\t<div class=\"elementor-element elementor-element-4978cd2 elementor-widget elementor-widget-image\" data-id=\"4978cd2\" data-element_type=\"widget\" data-widget_type=\"image.default\">\n\t\t\t\t<div class=\"elementor-widget-container\">\n\t\t\t<style>\/*! elementor - v3.23.0 - 25-07-2024 *\/\n.elementor-widget-image{text-align:center}.elementor-widget-image a{display:inline-block}.elementor-widget-image a img[src$=\".svg\"]{width:48px}.elementor-widget-image img{vertical-align:middle;display:inline-block}<\/style>\t\t\t\t\t\t\t\t\t\t<img fetchpriority=\"high\" decoding=\"async\" width=\"300\" height=\"300\" src=\"https:\/\/trattamentisalute.net\/wp-content\/uploads\/2024\/09\/offer-removebg-preview-300x300.png\" class=\"attachment-medium size-medium wp-image-22757\" alt=\"\" srcset=\"https:\/\/trattamentisalute.net\/wp-content\/uploads\/2024\/09\/offer-removebg-preview-300x300.png 300w, https:\/\/trattamentisalute.net\/wp-content\/uploads\/2024\/09\/offer-removebg-preview-150x150.png 150w, https:\/\/trattamentisalute.net\/wp-content\/uploads\/2024\/09\/offer-removebg-preview.png 500w\" sizes=\"(max-width: 300px) 100vw, 300px\" \/>\t\t\t\t\t\t\t\t\t\t\t\t\t<\/div>\n\t\t\t\t<\/div>\n\t\t\t\t<\/div>\n\t\t<div class=\"elementor-element elementor-element-a5cdf1d e-con-full e-flex e-con e-child\" data-id=\"a5cdf1d\" data-element_type=\"container\" data-settings=\"{&quot;background_background&quot;:&quot;classic&quot;}\">\n\t\t\t\t<div class=\"elementor-element elementor-element-2c0dbeb elementor-widget elementor-widget-image\" data-id=\"2c0dbeb\" data-element_type=\"widget\" data-widget_type=\"image.default\">\n\t\t\t\t<div class=\"elementor-widget-container\">\n\t\t\t\t\t\t\t\t\t\t\t\t\t<img decoding=\"async\" width=\"512\" height=\"512\" src=\"https:\/\/trattamentisalute.net\/wp-content\/uploads\/2024\/09\/1f389.png\" class=\"attachment-large size-large wp-image-22967\" alt=\"\" srcset=\"https:\/\/trattamentisalute.net\/wp-content\/uploads\/2024\/09\/1f389.png 512w, https:\/\/trattamentisalute.net\/wp-content\/uploads\/2024\/09\/1f389-300x300.png 300w, https:\/\/trattamentisalute.net\/wp-content\/uploads\/2024\/09\/1f389-150x150.png 150w\" sizes=\"(max-width: 512px) 100vw, 512px\" \/>\t\t\t\t\t\t\t\t\t\t\t\t\t<\/div>\n\t\t\t\t<\/div>\n\t\t\t\t<div class=\"elementor-element elementor-element-54caff8 elementor-widget elementor-widget-heading\" data-id=\"54caff8\" data-element_type=\"widget\" data-widget_type=\"heading.default\">\n\t\t\t\t<div class=\"elementor-widget-container\">\n\t\t\t<style>\/*! elementor - v3.23.0 - 25-07-2024 *\/\n.elementor-heading-title{padding:0;margin:0;line-height:1}.elementor-widget-heading .elementor-heading-title[class*=elementor-size-]>a{color:inherit;font-size:inherit;line-height:inherit}.elementor-widget-heading .elementor-heading-title.elementor-size-small{font-size:15px}.elementor-widget-heading .elementor-heading-title.elementor-size-medium{font-size:19px}.elementor-widget-heading .elementor-heading-title.elementor-size-large{font-size:29px}.elementor-widget-heading .elementor-heading-title.elementor-size-xl{font-size:39px}.elementor-widget-heading .elementor-heading-title.elementor-size-xxl{font-size:59px}<\/style><h2 class=\"elementor-heading-title elementor-size-default\">\u00a1Gracias por su confianza!\n<\/h2>\t\t<\/div>\n\t\t\t\t<\/div>\n\t\t\t\t<div class=\"elementor-element elementor-element-58d53ee elementor-widget elementor-widget-text-editor\" data-id=\"58d53ee\" data-element_type=\"widget\" data-widget_type=\"text-editor.default\">\n\t\t\t\t<div class=\"elementor-widget-container\">\n\t\t\t<style>\/*! elementor - v3.23.0 - 25-07-2024 *\/\n.elementor-widget-text-editor.elementor-drop-cap-view-stacked .elementor-drop-cap{background-color:#69727d;color:#fff}.elementor-widget-text-editor.elementor-drop-cap-view-framed .elementor-drop-cap{color:#69727d;border:3px solid;background-color:transparent}.elementor-widget-text-editor:not(.elementor-drop-cap-view-default) .elementor-drop-cap{margin-top:8px}.elementor-widget-text-editor:not(.elementor-drop-cap-view-default) .elementor-drop-cap-letter{width:1em;height:1em}.elementor-widget-text-editor .elementor-drop-cap{float:left;text-align:center;line-height:1;font-size:50px}.elementor-widget-text-editor .elementor-drop-cap-letter{display:inline-block}<\/style>\t\t\t\t<div class=\"p-rich_text_section\">Estamos felices de que haya elegido\u00a0<span style=\"color: #000000;\"><b data-stringify-type=\"bold\">HairGrow Max<\/b>.<\/span> Su informaci\u00f3n ha sido registrada con \u00e9xito, y pronto un representante de nuestro equipo se pondr\u00e1 en contacto con usted para completar su compra y asegurarse de que todo est\u00e9 claro.<br \/><span style=\"color: #000000;\"><b data-stringify-type=\"bold\">\u00bfQu\u00e9 sigue?<\/b><\/span><\/div><ul class=\"p-rich_text_list p-rich_text_list__bullet\" data-stringify-type=\"unordered-list\" data-indent=\"0\" data-border=\"0\"><li data-stringify-indent=\"0\" data-stringify-border=\"0\"><span style=\"color: #000000;\"><b data-stringify-type=\"bold\">Llamada telef\u00f3nica de un representante de ventas<\/b>:<\/span> En breve, uno de nuestros representantes le llamar\u00e1 para finalizar el proceso de compra y responder a cualquier pregunta que pueda tener sobre el producto o el env\u00edo.\u00a0<span style=\"color: #000000;\"><b data-stringify-type=\"bold\">Le recomendamos estar disponible para la llamada para no perder esta oferta \u00fanica<\/b>.<\/span><\/li><li data-stringify-indent=\"0\" data-stringify-border=\"0\"><span style=\"color: #000000;\"><b data-stringify-type=\"bold\">Detalles del producto<\/b>:<\/span> Durante la llamada, recibir\u00e1 explicaciones adicionales sobre el uso del producto, sus beneficios \u00fanicos, y confirmaci\u00f3n de que la compra cumple con sus expectativas.<\/li><\/ul><div class=\"p-rich_text_section\"><span style=\"color: #000000;\"><b data-stringify-type=\"bold\">Su informaci\u00f3n est\u00e1 segura con nosotros.<\/b><\/span><br \/>\u00a1Su privacidad es importante para nosotros! Toda la informaci\u00f3n que nos ha proporcionado se almacena de manera segura y la utilizamos \u00fanicamente para ponernos en contacto con usted y completar su pedido. Nunca compartiremos su informaci\u00f3n con terceros.<br \/><span style=\"color: #000000;\"><b data-stringify-type=\"bold\">\u00bfPor qu\u00e9 elegir HairGrow Max?<\/b><\/span><\/div><ul class=\"p-rich_text_list p-rich_text_list__bullet\" data-stringify-type=\"unordered-list\" data-indent=\"0\" data-border=\"0\"><li data-stringify-indent=\"0\" data-stringify-border=\"0\"><span style=\"color: #000000;\"><b data-stringify-type=\"bold\">La calidad de nuestros productos y la satisfacci\u00f3n de nuestros clientes<\/b>:<\/span> Nuestros productos han sido probados y utilizados por miles de clientes satisfechos, y estamos seguros de que usted tambi\u00e9n ver\u00e1 resultados positivos.<\/li><li data-stringify-indent=\"0\" data-stringify-border=\"0\"><span style=\"color: #000000;\"><b data-stringify-type=\"bold\">Garant\u00eda de satisfacci\u00f3n 100%<\/b>:<\/span> Nuestro representante estar\u00e1 encantado de explicarle nuestra pol\u00edtica de satisfacci\u00f3n y asegurarse de que reciba el mejor servicio.<\/li><\/ul>\t\t\t\t\t\t<\/div>\n\t\t\t\t<\/div>\n\t\t\t\t<\/div>\n\t\t\t\t<\/div>\n\t\t\t\t<\/div>\n\t\t\t\t<\/div>\n\t\t<div class=\"elementor-element elementor-element-8908b05 e-flex e-con-boxed e-con e-parent\" data-id=\"8908b05\" data-element_type=\"container\">\n\t\t\t\t\t<div class=\"e-con-inner\">\n\t\t\t\t<div class=\"elementor-element elementor-element-a067c4b elementor-widget elementor-widget-html\" data-id=\"a067c4b\" data-element_type=\"widget\" data-widget_type=\"html.default\">\n\t\t\t\t<div class=\"elementor-widget-container\">\n\t\t\t<!-- Meta Pixel Code -->\r\n<script>\r\n!function(f,b,e,v,n,t,s)\r\n{if(f.fbq)return;n=f.fbq=function(){n.callMethod?\r\nn.callMethod.apply(n,arguments):n.queue.push(arguments)};\r\nif(!f._fbq)f._fbq=n;n.push=n;n.loaded=!0;n.version='2.0';\r\nn.queue=[];t=b.createElement(e);t.async=!0;\r\nt.src=v;s=b.getElementsByTagName(e)[0];\r\ns.parentNode.insertBefore(t,s)}(window, document,'script',\r\n'https:\/\/connect.facebook.net\/en_US\/fbevents.js');\r\nfbq('init', '2510997902432790');\r\nfbq('track', 'Purchase');\r\n<\/script>\r\n<noscript><img height=\"1\" width=\"1\" style=\"display:none\"\r\nsrc=\"https:\/\/www.facebook.com\/tr?id=2510997902432790&ev=Purchase&noscript=1\"\r\n\/><\/noscript>\r\n<!-- End Meta Pixel Code -->\r\n\t\t<\/div>\n\t\t\t\t<\/div>\n\t\t\t\t\t<\/div>\n\t\t\t\t<\/div>\n\t\t\t\t<\/div>\n\t\t","protected":false},"excerpt":{"rendered":"<p>\u00a1Gracias por su confianza! Estamos felices de que haya elegido\u00a0HairGrow Max. Su informaci\u00f3n ha sido registrada con \u00e9xito, y pronto un representante de nuestro equipo se pondr\u00e1 en contacto con usted para completar su compra y asegurarse de que todo est\u00e9 claro.\u00bfQu\u00e9 sigue? Llamada telef\u00f3nica de un representante de ventas: En breve, uno de nuestros [&hellip;]<\/p>\n","protected":false},"author":1,"featured_media":0,"parent":0,"menu_order":0,"comment_status":"closed","ping_status":"closed","template":"elementor_canvas","meta":{"footnotes":""},"class_list":["post-23247","page","type-page","status-publish","hentry"],"_links":{"self":[{"href":"https:\/\/trattamentisalute.net\/index.php?rest_route=\/wp\/v2\/pages\/23247","targetHints":{"allow":["GET"]}}],"collection":[{"href":"https:\/\/trattamentisalute.net\/index.php?rest_route=\/wp\/v2\/pages"}],"about":[{"href":"https:\/\/trattamentisalute.net\/index.php?rest_route=\/wp\/v2\/types\/page"}],"author":[{"embeddable":true,"href":"https:\/\/trattamentisalute.net\/index.php?rest_route=\/wp\/v2\/users\/1"}],"replies":[{"embeddable":true,"href":"https:\/\/trattamentisalute.net\/index.php?rest_route=%2Fwp%2Fv2%2Fcomments&post=23247"}],"version-history":[{"count":0,"href":"https:\/\/trattamentisalute.net\/index.php?rest_route=\/wp\/v2\/pages\/23247\/revisions"}],"wp:attachment":[{"href":"https:\/\/trattamentisalute.net\/index.php?rest_route=%2Fwp%2Fv2%2Fmedia&parent=23247"}],"curies":[{"name":"wp","href":"https:\/\/api.w.org\/{rel}","templated":true}]}}